{"id":1247,"date":"2024-03-25T20:10:19","date_gmt":"2024-03-25T19:10:19","guid":{"rendered":"https:\/\/www.bamsa.cat\/politica-de-privacidad\/"},"modified":"2026-02-17T19:50:52","modified_gmt":"2026-02-17T18:50:52","slug":"politica-de-privacidad","status":"publish","type":"page","link":"https:\/\/www.bamsa.cat\/es\/politica-de-privacidad\/","title":{"rendered":"Pol\u00edtica de privacidad"},"content":{"rendered":"\t\t<div data-elementor-type=\"wp-page\" data-elementor-id=\"1247\" class=\"elementor elementor-1247 elementor-93\" data-elementor-post-type=\"page\">\n\t\t\t\t<div class=\"elementor-element elementor-element-7436342 e-con-full e-flex e-con e-parent\" data-id=\"7436342\" data-element_type=\"container\" data-e-type=\"container\" data-settings=\"{&quot;background_background&quot;:&quot;classic&quot;}\">\n\t\t<div class=\"elementor-element elementor-element-4a60de9 e-con-full e-transform e-flex e-con e-child\" data-id=\"4a60de9\" data-element_type=\"container\" data-e-type=\"container\" data-settings=\"{&quot;background_background&quot;:&quot;gradient&quot;,&quot;motion_fx_motion_fx_scrolling&quot;:&quot;yes&quot;,&quot;motion_fx_translateY_effect&quot;:&quot;yes&quot;,&quot;motion_fx_translateY_speed&quot;:{&quot;unit&quot;:&quot;px&quot;,&quot;size&quot;:8,&quot;sizes&quot;:[]},&quot;motion_fx_translateY_affectedRange&quot;:{&quot;unit&quot;:&quot;%&quot;,&quot;size&quot;:&quot;&quot;,&quot;sizes&quot;:{&quot;start&quot;:0,&quot;end&quot;:100}},&quot;motion_fx_devices&quot;:[&quot;desktop&quot;,&quot;tablet&quot;,&quot;mobile&quot;],&quot;_transform_rotateZ_effect&quot;:{&quot;unit&quot;:&quot;px&quot;,&quot;size&quot;:&quot;&quot;,&quot;sizes&quot;:[]},&quot;_transform_rotateZ_effect_tablet&quot;:{&quot;unit&quot;:&quot;deg&quot;,&quot;size&quot;:&quot;&quot;,&quot;sizes&quot;:[]},&quot;_transform_rotateZ_effect_mobile&quot;:{&quot;unit&quot;:&quot;deg&quot;,&quot;size&quot;:&quot;&quot;,&quot;sizes&quot;:[]}}\">\n\t\t\t\t<div class=\"elementor-element elementor-element-96e6ad5 elementor-widget elementor-widget-heading\" data-id=\"96e6ad5\" data-element_type=\"widget\" data-e-type=\"widget\" data-widget_type=\"heading.default\">\n\t\t\t\t<div class=\"elementor-widget-container\">\n\t\t\t\t\t<h2 class=\"elementor-heading-title elementor-size-default\">Tus aparcamientos en Barcelona<\/h2>\t\t\t\t<\/div>\n\t\t\t\t<\/div>\n\t\t\t\t<\/div>\n\t\t\t\t<\/div>\n\t\t<div class=\"elementor-element elementor-element-125f116 e-flex e-con-boxed e-con e-parent\" data-id=\"125f116\" data-element_type=\"container\" data-e-type=\"container\">\n\t\t\t\t\t<div class=\"e-con-inner\">\n\t\t\t\t<div class=\"elementor-element elementor-element-62efa68 elementor-widget elementor-widget-spacer\" data-id=\"62efa68\" data-element_type=\"widget\" data-e-type=\"widget\" data-widget_type=\"spacer.default\">\n\t\t\t\t<div class=\"elementor-widget-container\">\n\t\t\t\t\t\t\t<div class=\"elementor-spacer\">\n\t\t\t<div class=\"elementor-spacer-inner\"><\/div>\n\t\t<\/div>\n\t\t\t\t\t\t<\/div>\n\t\t\t\t<\/div>\n\t\t\t\t<div class=\"elementor-element elementor-element-138898c elementor-widget__width-initial elementor-widget elementor-widget-heading\" data-id=\"138898c\" data-element_type=\"widget\" data-e-type=\"widget\" data-widget_type=\"heading.default\">\n\t\t\t\t<div class=\"elementor-widget-container\">\n\t\t\t\t\t<h1 class=\"elementor-heading-title elementor-size-default\">Pol\u00edtica de privacidad y Cookies<\/h1>\t\t\t\t<\/div>\n\t\t\t\t<\/div>\n\t\t\t\t<div class=\"elementor-element elementor-element-b1745f8 elementor-widget elementor-widget-spacer\" data-id=\"b1745f8\" data-element_type=\"widget\" data-e-type=\"widget\" data-widget_type=\"spacer.default\">\n\t\t\t\t<div class=\"elementor-widget-container\">\n\t\t\t\t\t\t\t<div class=\"elementor-spacer\">\n\t\t\t<div class=\"elementor-spacer-inner\"><\/div>\n\t\t<\/div>\n\t\t\t\t\t\t<\/div>\n\t\t\t\t<\/div>\n\t\t\t\t<div class=\"elementor-element elementor-element-d71296e elementor-widget__width-initial elementor-widget elementor-widget-text-editor\" data-id=\"d71296e\" data-element_type=\"widget\" data-e-type=\"widget\" data-widget_type=\"text-editor.default\">\n\t\t\t\t<div class=\"elementor-widget-container\">\n\t\t\t\t\t\t\t\t\t<p><b>INFORMACI\u00d3N GENERAL<\/b><\/p>\n<p>Esta Pol\u00edtica de Privacidad y Cookies le informa sobre qu\u00e9 datos personales se pueden recoger al utilizar el sitio web https:\/\/www.bamsa.cat (en adelante, el Sitio Web) y c\u00f3mo procesamos, utilizamos y protegemos estos datos. Asimismo, si procede, le informa sobre la utilizaci\u00f3n de cookies en el Sitio Web. <\/p>\n<p>Tanto la privacidad de los usuarios como la confidencialidad de sus datos personales son aspectos prioritarios para BAMSA.<\/p>\n<p><b>MODIFICACI\u00d3N DE LA POL\u00cdTICA DE PRIVACIDAD Y COOKIES<\/b><\/p>\n<p>BAMSA se reserva la facultad de modificar o actualizar en cualquier momento esta Pol\u00edtica de Privacidad y Cookies, por tanto, los Usuarios deben leerla atentamente, ya que \u00e9sta puede sufrir modificaciones sin previo aviso, resultando aplicables desde la fecha indicada en la misma .<\/p>\n<p><b>POL\u00cdTICA DE PRIVACIDAD<\/b><\/p>\n<p><b>\u00bfQUI\u00c9N EL RESPONSABLE DEL TRATAMIENTO DE SUS DATOS?<\/b><\/p>\n<p>Barcelona de Aparcamientos Municipales, SA (en adelante, \u201cBAMSA\u201d), con CIF n\u00famero A66383902 y domicilio en la Avenida Parc Log\u00edstic, 22-26 08040 de Barcelona es el responsable del tratamiento de los datos personales recogidos a trav\u00e9s del Sitio Web.<\/p>\n<p>BAMSA ha designado un Delegado de Protecci\u00f3n de Datos (DPO) al que puede dirigirse en cualquier momento para consultar cualquier duda sobre el tratamiento de sus datos mediante correo electr\u00f3nico a dpo.bamsa@bamsa.cat oa la direcci\u00f3n postal indicada.<\/p>\n<p><b>\u00bfC\u00d3MO RECOGEMOS SUS DATOS?<\/b><\/p>\n<p>Como norma general, la utilizaci\u00f3n del Sitio Web no requiere como condici\u00f3n previa que los usuarios revelen sus datos personales.<\/p>\n<p><b>\u00bfCON QU\u00c9 FINALIDADES TRATAMOS SUS DATOS?<\/b><\/p>\n<p>Si contacta con Bamsa a trav\u00e9s de los datos de contacto publicados en el Sitio Web, los datos que pueda facilitar ser\u00e1n utilizados por BAMSA para tramitar su petici\u00f3n.<\/p>\n<p>La base jur\u00eddica para el tratamiento de los datos es su consentimiento expreso, que se formalizar\u00e1 mediante el env\u00edo de su solicitud.<\/p>\n<p><b>\u00bfA QUI\u00c9N COMUNICAREMOS SUS DATOS PERSONALES?<\/b><\/p>\n<p>Sus datos no ser\u00e1n comunicados a terceros.<\/p>\n<p><b>DURANTE \u00bfCU\u00c1NTO TIEMPO CONSERVARE SUS DATOS?<\/b><\/p>\n<p>Sus datos personales ser\u00e1n conservados durante el tiempo necesario para cumplir la finalidad para la que se recogieron y\/o gestionaron su solicitud. Si sus datos se utilizan para diversos fines que obligan a conservarlos durante diferentes plazos, se aplicar\u00e1 el plazo de conservaci\u00f3n m\u00e1s largo. <\/p>\n<p>Cuando sus datos dejen de ser necesarios, o bien quedar\u00e1 limitado el acceso a \u00e9stas al cumplimiento de obligaciones estrictamente legales, o bien se destruir\u00e1n de forma segura.<\/p>\n<p><b>\u00bfC\u00d3MO PROTEGEMOS SUS DATOS?<\/b><\/p>\n<p>BAMSA est\u00e1 comprometida con la seguridad de la informaci\u00f3n y ha definido pol\u00edticas de seguridad y procedimientos para garantizar la confidencialidad de sus datos.<\/p>\n<p>BAMSA puede contratar determinados servicios a terceros que pueden suponer el acceso y\/o tratamiento de sus datos personales en calidad de encargados del tratamiento, pero, en cualquier caso, se exige que los terceros cumplan con la legislaci\u00f3n vigente y las pol\u00edticas de seguridad de BAMSA, debiendo garantizar el uso de la informaci\u00f3n conforme a las instrucciones de BAMSA y debiendo implantar las medidas t\u00e9cnicas y organizativas apropiadas para garantizar la seguridad de la informaci\u00f3n.<\/p>\n<p><b>\u00bfQU\u00c9 DERECHOS TIENE RESPETO A SUS DATOS PERSONALES?<\/b><\/p>\n<p>En cualquier momento podr\u00e1 ejercer sus derechos de acceso, rectificaci\u00f3n, supresi\u00f3n, oposici\u00f3n, limitaci\u00f3n del tratamiento y portabilidad, as\u00ed como, en su caso, revocar los consentimientos otorgados, cuando proceda y seg\u00fan los t\u00e9rminos previstos en la normativa vigente.<\/p>\n<p>Para ello, puede contactar con el Delegado de Protecci\u00f3n de Datos de BAMSA en la direcci\u00f3n postal indicada o mediante correo electr\u00f3nico a dpo.bamsa@bamsa.cat.<\/p>\n<p>Por otra parte, si considera que se ha cometido una infracci\u00f3n de la legislaci\u00f3n en materia de protecci\u00f3n de datos respecto al tratamiento de sus datos puede presentar una reclamaci\u00f3n ante la autoridad de control competente.<\/p>\n<p><b>POL\u00cdTICA DE COOKIES<\/b><\/p>\n<p>Este Sitio Web puede utilizar cookies propias y de terceros. Nos ayudan a saber c\u00f3mo utiliza nuestro Sitio Web y muestran contenidos basados \u200b\u200ben su historial de navegaci\u00f3n. Puede aceptarlas, rechazarlas o incluso configurar sus preferencias.  <\/p>\n<p>Dispone de informaci\u00f3n detallada sobre las cookies que pueden ser instaladas, as\u00ed como la finalidad de cada una de ellas en la herramienta de gesti\u00f3n de cookies accesible en la parte inferior del Sitio Web.<\/p>\n<p>En caso de rechazar la utilizaci\u00f3n de cookies puede acceder igualmente a los contenidos, pero la calidad de funcionamiento del Sitio Web podr\u00eda verse afectada.<\/p>\n<p><b>\u00bfQU\u00c9 SON LAS COOKIES?<\/b><\/p>\n<p>Las cookies son peque\u00f1os archivos que se instalan en el equipo (ordenador, smartphone o tableta) desde el que se accede a un sitio web y donde se almacena cierta informaci\u00f3n.<\/p>\n<p><b>\u00bfQU\u00c9 TIPO DE COOKIES PUEDE UTILIZAR ESTE SITIO WEB?<\/b><\/p>\n<p>Existen diferentes tipos de cookies:<\/p>\n<p>\u2022 Seg\u00fan quien sea la entidad que gestione el equipo o dominio desde donde se env\u00edan las cookies y trate los datos que se obtengan:<\/p>\n<p><span style=\"background-color: transparent; font-family: var( --e-global-typography-text-font-family ), Sans-serif; text-align: var(--text-align);\">o Cookies propias: son aquellas que se env\u00eda al equipo del usuario desde un equipo o dominio gestionado por BAMSA y desde el que se presta el servicio solicitado por el usuario;<\/span><\/p>\n<p>o Cookies de terceros: son aquellas que se env\u00edan al equipo del usuario desde un equipo o dominio que no es gestionado por BAMSA, sino por otra entidad que trata los datos obtenidos a trav\u00e9s de las cookies.<\/p>\n<p>\u2022 Seg\u00fan el plazo de tiempo que permanecen activadas en el equipo terminal:<\/p>\n<p>o Cookies de sesi\u00f3n: son aquellas dise\u00f1adas para pedir y almacenar datos mientras el usuario accede a un sitio web y permanecen en el equipo del usuario durante la visita (por<\/p>\n<p>ejemplo, hasta que cierra el navegador y finaliza la visita);<\/p>\n<p>o Cookies persistentes: son aquellas que permanecen almacenadas en el equipo y pueden ser accedidas y tratadas durante un per\u00edodo definido por el responsable de la galleta, y que puede ir de unos minutos a varios a\u00f1os.<\/p>\n<p>\u2022 Seg\u00fan la finalidad para la que se traten los datos obtenidos a trav\u00e9s de las cookies:<\/p>\n<p>o Cookies t\u00e9cnicas: son aquellas necesarias para el correcto funcionamiento del sitio web y la utilizaci\u00f3n de las diferentes opciones y servicios que \u00e9ste ofrece, por ejemplo, identificar la sesi\u00f3n del usuario, personalizar la interfaz de la p\u00e1gina, permitir la reproducci\u00f3n de contenidos de v\u00eddeo o mostrar el banner con el aviso sobre el uso de cookies, etc.;<\/p>\n<p>o Cookies de personalizaci\u00f3n\/preferencias: son aquellas que permiten al usuario acceder al servicio con algunas caracter\u00edsticas de car\u00e1cter general predefinidas en funci\u00f3n de una serie de criterios en el equipo del usuario como, por ejemplo, pueden ser el idioma, el tipo de navegador a trav\u00e9s del cual accede al sitio web, la configuraci\u00f3n regional desde donde accede al sitio web, etc.;<\/p>\n<p>o Cookies de an\u00e1lisis\/estad\u00edsticas: son aquellas que, bien tratadas por el titular del sitio web, o por terceros, permiten el seguimiento y el an\u00e1lisis del comportamiento de los usuarios del sitio web, cuantificar el n\u00famero de usuarios y as\u00ed realizar la medici\u00f3n y el an\u00e1lisis estad\u00edstico de la utilizaci\u00f3n del sitio web a trav\u00e9s de informaci\u00f3n agregada o de car\u00e1cter estad\u00edstico;<\/p>\n<p>o Cookies publicitarias\/marketing: son aquellas que permiten la gesti\u00f3n, de la forma m\u00e1s eficaz posible, de los espacios publicitarios que, en su caso, el titular haya incluido en el sitio web en base a criterios como el contenido editado o la frecuencia en la que se muestran sus anuncios. Esta categor\u00eda incluye tambi\u00e9n a las llamadas cookies sociales: son las necesarias para las redes sociales externas (Facebook, Google, Twitter, Pinterest, Instagram, etc.) y su funci\u00f3n es controlar la interacci\u00f3n con los widgets sociales dentro del Sitio Web. <\/p>\n<p><b>\u00bfC\u00d3MO PUEDE GESTIONAR LAS COOKIES?<\/b><\/p>\n<p>Puede en todo momento permitir, bloquear o eliminar las cookies instaladas en su equipo mediante las opciones de su navegador o mediante la herramienta de gesti\u00f3n de cookies. Sin embargo, la desactivaci\u00f3n de las cookies puede afectar al correcto funcionamiento de determinadas secciones del Sitio Web. <\/p>\n<p>A trav\u00e9s de los enlaces que se indican a continuaci\u00f3n, puede encontrar informaci\u00f3n sobre c\u00f3mo desactivar el uso de cookies mediante la modificaci\u00f3n de la configuraci\u00f3n del navegador:<\/p>\n<p>\u2022 Chrome: http:\/\/support.google.com\/chrome\/bin\/answer.py?hl=es&amp;answer=95647<\/p>\n<p>\u2022 Explorer: https:\/\/support.microsoft.com\/es-es\/help\/17442\/windows-internet-explorerdeletemanage-cookies<\/p>\n<p>\u2022 Firefox: https:\/\/support.mozilla.org\/es\/kb\/cookies-informacion-que-los-sitios-web-guardan-en-<\/p>\n<p>\u2022 Safari: http:\/\/support.apple.com\/kb\/ph5042<\/p>\n<p>Por \u00faltimo, le informamos que tiene la posibilidad de revocar en cualquier momento el consentimiento prestado para la utilizaci\u00f3n de cookies por parte de BAMSA a trav\u00e9s de la herramienta de gesti\u00f3n de cookies o configurando para ello su navegador en los t\u00e9rminos indicados anteriormente.<\/p>\n<p>FECHA: 13 de Septiembre de 2021<\/p>\n<div>&nbsp;<\/div>\t\t\t\t\t\t\t\t<\/div>\n\t\t\t\t<\/div>\n\t\t\t\t\t<\/div>\n\t\t\t\t<\/div>\n\t\t<div class=\"elementor-element elementor-element-d42e741 e-flex e-con-boxed e-con e-parent\" data-id=\"d42e741\" data-element_type=\"container\" data-e-type=\"container\">\n\t\t\t\t\t<div class=\"e-con-inner\">\n\t\t\t\t<div class=\"elementor-element elementor-element-036d25b elementor-widget elementor-widget-spacer\" data-id=\"036d25b\" data-element_type=\"widget\" data-e-type=\"widget\" data-widget_type=\"spacer.default\">\n\t\t\t\t<div class=\"elementor-widget-container\">\n\t\t\t\t\t\t\t<div class=\"elementor-spacer\">\n\t\t\t<div class=\"elementor-spacer-inner\"><\/div>\n\t\t<\/div>\n\t\t\t\t\t\t<\/div>\n\t\t\t\t<\/div>\n\t\t\t\t\t<\/div>\n\t\t\t\t<\/div>\n\t\t\t\t<\/div>\n\t\t","protected":false},"excerpt":{"rendered":"<p>Tus aparcamientos en Barcelona Pol\u00edtica de privacidad y Cookies INFORMACI\u00d3N GENERAL Esta Pol\u00edtica de Privacidad y Cookies le informa sobre qu\u00e9 datos personales se pueden recoger al utilizar el sitio web https:\/\/www.bamsa.cat (en adelante, el Sitio Web) y c\u00f3mo procesamos, utilizamos y protegemos estos datos. Asimismo, si procede, le informa sobre la utilizaci\u00f3n de cookies [&hellip;]<\/p>\n","protected":false},"author":1,"featured_media":0,"parent":0,"menu_order":0,"comment_status":"closed","ping_status":"closed","template":"","meta":{"footnotes":""},"class_list":["post-1247","page","type-page","status-publish","hentry"],"_links":{"self":[{"href":"https:\/\/www.bamsa.cat\/es\/wp-json\/wp\/v2\/pages\/1247","targetHints":{"allow":["GET"]}}],"collection":[{"href":"https:\/\/www.bamsa.cat\/es\/wp-json\/wp\/v2\/pages"}],"about":[{"href":"https:\/\/www.bamsa.cat\/es\/wp-json\/wp\/v2\/types\/page"}],"author":[{"embeddable":true,"href":"https:\/\/www.bamsa.cat\/es\/wp-json\/wp\/v2\/users\/1"}],"replies":[{"embeddable":true,"href":"https:\/\/www.bamsa.cat\/es\/wp-json\/wp\/v2\/comments?post=1247"}],"version-history":[{"count":8,"href":"https:\/\/www.bamsa.cat\/es\/wp-json\/wp\/v2\/pages\/1247\/revisions"}],"predecessor-version":[{"id":1948,"href":"https:\/\/www.bamsa.cat\/es\/wp-json\/wp\/v2\/pages\/1247\/revisions\/1948"}],"wp:attachment":[{"href":"https:\/\/www.bamsa.cat\/es\/wp-json\/wp\/v2\/media?parent=1247"}],"curies":[{"name":"wp","href":"https:\/\/api.w.org\/{rel}","templated":true}]}}