{"id":1242,"date":"2024-03-25T20:09:22","date_gmt":"2024-03-25T19:09:22","guid":{"rendered":"https:\/\/www.bamsa.cat\/quienes-somos\/"},"modified":"2025-12-02T09:06:00","modified_gmt":"2025-12-02T08:06:00","slug":"quienes-somos","status":"publish","type":"page","link":"https:\/\/www.bamsa.cat\/es\/quienes-somos\/","title":{"rendered":"Qui\u00e9nes somos"},"content":{"rendered":"\t\t<div data-elementor-type=\"wp-page\" data-elementor-id=\"1242\" class=\"elementor elementor-1242 elementor-87\" data-elementor-post-type=\"page\">\n\t\t\t\t<div class=\"elementor-element elementor-element-fe11805 e-con-full e-flex e-con e-parent\" data-id=\"fe11805\" data-element_type=\"container\" data-e-type=\"container\" data-settings=\"{&quot;background_background&quot;:&quot;classic&quot;}\">\n\t\t<div class=\"elementor-element elementor-element-49290c5 e-con-full e-transform e-flex e-con e-child\" data-id=\"49290c5\" data-element_type=\"container\" data-e-type=\"container\" data-settings=\"{&quot;background_background&quot;:&quot;gradient&quot;,&quot;motion_fx_motion_fx_scrolling&quot;:&quot;yes&quot;,&quot;motion_fx_translateY_effect&quot;:&quot;yes&quot;,&quot;motion_fx_translateY_speed&quot;:{&quot;unit&quot;:&quot;px&quot;,&quot;size&quot;:8,&quot;sizes&quot;:[]},&quot;motion_fx_translateY_affectedRange&quot;:{&quot;unit&quot;:&quot;%&quot;,&quot;size&quot;:&quot;&quot;,&quot;sizes&quot;:{&quot;start&quot;:0,&quot;end&quot;:100}},&quot;motion_fx_devices&quot;:[&quot;desktop&quot;,&quot;tablet&quot;,&quot;mobile&quot;],&quot;_transform_rotateZ_effect&quot;:{&quot;unit&quot;:&quot;px&quot;,&quot;size&quot;:&quot;&quot;,&quot;sizes&quot;:[]},&quot;_transform_rotateZ_effect_tablet&quot;:{&quot;unit&quot;:&quot;deg&quot;,&quot;size&quot;:&quot;&quot;,&quot;sizes&quot;:[]},&quot;_transform_rotateZ_effect_mobile&quot;:{&quot;unit&quot;:&quot;deg&quot;,&quot;size&quot;:&quot;&quot;,&quot;sizes&quot;:[]}}\">\n\t\t\t\t<div class=\"elementor-element elementor-element-63b59f6 elementor-widget elementor-widget-heading\" data-id=\"63b59f6\" data-element_type=\"widget\" data-e-type=\"widget\" data-widget_type=\"heading.default\">\n\t\t\t\t<div class=\"elementor-widget-container\">\n\t\t\t\t\t<h2 class=\"elementor-heading-title elementor-size-default\">Tus aparcamientos en Barcelona<\/h2>\t\t\t\t<\/div>\n\t\t\t\t<\/div>\n\t\t\t\t<\/div>\n\t\t\t\t<\/div>\n\t\t<div class=\"elementor-element elementor-element-94274ec e-flex e-con-boxed e-con e-parent\" data-id=\"94274ec\" data-element_type=\"container\" data-e-type=\"container\">\n\t\t\t\t\t<div class=\"e-con-inner\">\n\t\t\t\t<div class=\"elementor-element elementor-element-c053218 elementor-widget elementor-widget-spacer\" data-id=\"c053218\" data-element_type=\"widget\" data-e-type=\"widget\" data-widget_type=\"spacer.default\">\n\t\t\t\t<div class=\"elementor-widget-container\">\n\t\t\t\t\t\t\t<div class=\"elementor-spacer\">\n\t\t\t<div class=\"elementor-spacer-inner\"><\/div>\n\t\t<\/div>\n\t\t\t\t\t\t<\/div>\n\t\t\t\t<\/div>\n\t\t\t\t<div class=\"elementor-element elementor-element-90e6bf6 elementor-widget__width-initial elementor-widget elementor-widget-heading\" data-id=\"90e6bf6\" data-element_type=\"widget\" data-e-type=\"widget\" data-widget_type=\"heading.default\">\n\t\t\t\t<div class=\"elementor-widget-container\">\n\t\t\t\t\t<h1 class=\"elementor-heading-title elementor-size-default\">Descubre Bamsa,<br>\u00a1los aparcamientos del centro de Barcelona!<\/h1>\t\t\t\t<\/div>\n\t\t\t\t<\/div>\n\t\t\t\t<div class=\"elementor-element elementor-element-4d0758d elementor-widget elementor-widget-spacer\" data-id=\"4d0758d\" data-element_type=\"widget\" data-e-type=\"widget\" data-widget_type=\"spacer.default\">\n\t\t\t\t<div class=\"elementor-widget-container\">\n\t\t\t\t\t\t\t<div class=\"elementor-spacer\">\n\t\t\t<div class=\"elementor-spacer-inner\"><\/div>\n\t\t<\/div>\n\t\t\t\t\t\t<\/div>\n\t\t\t\t<\/div>\n\t\t\t\t<div class=\"elementor-element elementor-element-a8a178c elementor-widget__width-initial elementor-widget elementor-widget-text-editor\" data-id=\"a8a178c\" data-element_type=\"widget\" data-e-type=\"widget\" data-widget_type=\"text-editor.default\">\n\t\t\t\t<div class=\"elementor-widget-container\">\n\t\t\t\t\t\t\t\t\t<p>Saba Barcelona Bamsa, \u201cBamsa\u201d, nacida el 1 de noviembre de 2014, es una empresa p\u00fablico-privada participada por Saba Aparcaments SA y el Ayuntamiento de Barcelona a trav\u00e9s de BSM, SA que gestiona 26 aparcamientos en el centro de Barcelona desde hace 25 a\u00f1os.<\/p>\n<p>En Bamsa entendemos los aparcamientos como pieza clave de la movilidad urbana, un elemento indispensable para el progreso ambiental y social de las ciudades. Los avances tecnol\u00f3gicos nos han permitido ampliar el cat\u00e1logo de servicios que ofrecemos a la ciudadan\u00eda y que a d\u00eda de hoy tengamos un papel muy relevante: facilitamos la movilidad, liberamos el espacio p\u00fablico y, as\u00ed, mejoramos la calidad de vida en \u00e1mbito urbano. <\/p>\n<p>Nuestro equipo trabaja todos los d\u00edas para mejorar nuestras instalaciones y adecuarlas a los nuevos h\u00e1bitos de nuestros clientes para dar respuesta a las \u00faltimas tendencias de movilidad urbana sostenible. De esta forma, nuestros aparcamientos se est\u00e1n convirtiendo en hubs de movilidad donde las personas y las empresas encuentran respuesta a nuevas necesidades: puntos de carga el\u00e9ctrica, servicios de movilidad compartida, soluciones din\u00e1micas para flotas, puntos de recogida de mercanc\u00edas, etc. <\/p>\n<p>Los aparcamientos son parte de la soluci\u00f3n a los retos a los que hoy se enfrentan las ciudades: congesti\u00f3n vial, emisiones de CO2, convivencia entre modos de transporte, uso eficiente del espacio p\u00fablico, o el crecimiento del comercio electr\u00f3nico, entre otros .<\/p>\n<p>En Bamsa somos conscientes de los aspectos ambientales derivados de nuestra actividad, calculando la huella de carbono, seg\u00fan est\u00e1ndares reconocidos internacionalmente. Este ejercicio permite perfilar: <\/p>\n\t\t\t\t\t\t\t\t<\/div>\n\t\t\t\t<\/div>\n\t\t\t\t<div class=\"elementor-element elementor-element-6eb6bec elementor-widget elementor-widget-spacer\" data-id=\"6eb6bec\" data-element_type=\"widget\" data-e-type=\"widget\" data-widget_type=\"spacer.default\">\n\t\t\t\t<div class=\"elementor-widget-container\">\n\t\t\t\t\t\t\t<div class=\"elementor-spacer\">\n\t\t\t<div class=\"elementor-spacer-inner\"><\/div>\n\t\t<\/div>\n\t\t\t\t\t\t<\/div>\n\t\t\t\t<\/div>\n\t\t\t\t\t<\/div>\n\t\t\t\t<\/div>\n\t\t<div class=\"elementor-element elementor-element-47544fb e-grid e-con-boxed e-con e-parent\" data-id=\"47544fb\" data-element_type=\"container\" data-e-type=\"container\">\n\t\t\t\t\t<div class=\"e-con-inner\">\n\t\t<div class=\"elementor-element elementor-element-56ec6c4 e-flex e-con-boxed e-con e-child\" data-id=\"56ec6c4\" data-element_type=\"container\" data-e-type=\"container\">\n\t\t\t\t\t<div class=\"e-con-inner\">\n\t\t\t\t<div class=\"elementor-element elementor-element-9274046 elementor-widget__width-initial elementor-widget elementor-widget-heading\" data-id=\"9274046\" data-element_type=\"widget\" data-e-type=\"widget\" data-widget_type=\"heading.default\">\n\t\t\t\t<div class=\"elementor-widget-container\">\n\t\t\t\t\t<h2 class=\"elementor-heading-title elementor-size-default\">Misi\u00f3n<\/h2>\t\t\t\t<\/div>\n\t\t\t\t<\/div>\n\t\t\t\t<div class=\"elementor-element elementor-element-e7c50c4 elementor-widget__width-initial elementor-widget elementor-widget-text-editor\" data-id=\"e7c50c4\" data-element_type=\"widget\" data-e-type=\"widget\" data-widget_type=\"text-editor.default\">\n\t\t\t\t<div class=\"elementor-widget-container\">\n\t\t\t\t\t\t\t\t\t<p>Dar respuesta a las necesidades de movilidad sostenible, ofreciendo adem\u00e1s de las plazas de estacionamiento, otros servicios complementarios para los clientes y vecinos del entorno (sharing, plazas el\u00e9ctricas, puntos de recogida de paqueter\u00eda, puntos para la distribuci\u00f3n urbana de la \u00faltima milla\u2026)<\/p>\n\t\t\t\t\t\t\t\t<\/div>\n\t\t\t\t<\/div>\n\t\t\t\t\t<\/div>\n\t\t\t\t<\/div>\n\t\t<div class=\"elementor-element elementor-element-f7dc2fc e-flex e-con-boxed e-con e-child\" data-id=\"f7dc2fc\" data-element_type=\"container\" data-e-type=\"container\" data-settings=\"{&quot;background_background&quot;:&quot;classic&quot;}\">\n\t\t\t\t\t<div class=\"e-con-inner\">\n\t\t\t\t<div class=\"elementor-element elementor-element-9e27e53 e-transform elementor-widget elementor-widget-image\" data-id=\"9e27e53\" data-element_type=\"widget\" data-e-type=\"widget\" data-settings=\"{&quot;_transform_scale_effect_hover&quot;:{&quot;unit&quot;:&quot;px&quot;,&quot;size&quot;:1.1,&quot;sizes&quot;:[]},&quot;_transform_scale_effect_hover_tablet&quot;:{&quot;unit&quot;:&quot;px&quot;,&quot;size&quot;:&quot;&quot;,&quot;sizes&quot;:[]},&quot;_transform_scale_effect_hover_mobile&quot;:{&quot;unit&quot;:&quot;px&quot;,&quot;size&quot;:&quot;&quot;,&quot;sizes&quot;:[]}}\" data-widget_type=\"image.default\">\n\t\t\t\t<div class=\"elementor-widget-container\">\n\t\t\t\t\t\t\t\t\t\t\t\t\t\t\t<img fetchpriority=\"high\" decoding=\"async\" width=\"800\" height=\"800\" src=\"https:\/\/www.bamsa.cat\/wp-content\/uploads\/2024\/03\/icon-qui-som-03.svg\" class=\"attachment-large size-large wp-image-1156\" alt=\"\" \/>\t\t\t\t\t\t\t\t\t\t\t\t\t\t\t<\/div>\n\t\t\t\t<\/div>\n\t\t\t\t\t<\/div>\n\t\t\t\t<\/div>\n\t\t<div class=\"elementor-element elementor-element-baf17b0 e-flex e-con-boxed e-con e-child\" data-id=\"baf17b0\" data-element_type=\"container\" data-e-type=\"container\" data-settings=\"{&quot;background_background&quot;:&quot;classic&quot;}\">\n\t\t\t\t\t<div class=\"e-con-inner\">\n\t\t\t\t<div class=\"elementor-element elementor-element-1589681 e-transform elementor-widget elementor-widget-image\" data-id=\"1589681\" data-element_type=\"widget\" data-e-type=\"widget\" data-settings=\"{&quot;_transform_scale_effect_hover&quot;:{&quot;unit&quot;:&quot;px&quot;,&quot;size&quot;:1.1,&quot;sizes&quot;:[]},&quot;_transform_scale_effect_hover_tablet&quot;:{&quot;unit&quot;:&quot;px&quot;,&quot;size&quot;:&quot;&quot;,&quot;sizes&quot;:[]},&quot;_transform_scale_effect_hover_mobile&quot;:{&quot;unit&quot;:&quot;px&quot;,&quot;size&quot;:&quot;&quot;,&quot;sizes&quot;:[]}}\" data-widget_type=\"image.default\">\n\t\t\t\t<div class=\"elementor-widget-container\">\n\t\t\t\t\t\t\t\t\t\t\t\t\t\t\t<img decoding=\"async\" width=\"800\" height=\"800\" src=\"https:\/\/www.bamsa.cat\/wp-content\/uploads\/2024\/03\/icon-qui-som-02.svg\" class=\"attachment-large size-large wp-image-1154\" alt=\"\" \/>\t\t\t\t\t\t\t\t\t\t\t\t\t\t\t<\/div>\n\t\t\t\t<\/div>\n\t\t\t\t\t<\/div>\n\t\t\t\t<\/div>\n\t\t<div class=\"elementor-element elementor-element-8b5f370 e-flex e-con-boxed e-con e-child\" data-id=\"8b5f370\" data-element_type=\"container\" data-e-type=\"container\">\n\t\t\t\t\t<div class=\"e-con-inner\">\n\t\t\t\t<div class=\"elementor-element elementor-element-88b1663 elementor-widget__width-initial elementor-widget elementor-widget-heading\" data-id=\"88b1663\" data-element_type=\"widget\" data-e-type=\"widget\" data-widget_type=\"heading.default\">\n\t\t\t\t<div class=\"elementor-widget-container\">\n\t\t\t\t\t<h2 class=\"elementor-heading-title elementor-size-default\">Visi\u00f3n<\/h2>\t\t\t\t<\/div>\n\t\t\t\t<\/div>\n\t\t\t\t<div class=\"elementor-element elementor-element-484fc69 elementor-widget__width-initial elementor-widget elementor-widget-text-editor\" data-id=\"484fc69\" data-element_type=\"widget\" data-e-type=\"widget\" data-widget_type=\"text-editor.default\">\n\t\t\t\t<div class=\"elementor-widget-container\">\n\t\t\t\t\t\t\t\t\t<p>Ser referente en el sector de los aparcamientos y servicios de movilidad sostenible, a la vez que convertirse en un modelo de calidad de servicio, innovaci\u00f3n y tecnolog\u00eda, en la ciudad de Barcelona.<\/p>\n\t\t\t\t\t\t\t\t<\/div>\n\t\t\t\t<\/div>\n\t\t\t\t\t<\/div>\n\t\t\t\t<\/div>\n\t\t<div class=\"elementor-element elementor-element-63a8a11 e-flex e-con-boxed e-con e-child\" data-id=\"63a8a11\" data-element_type=\"container\" data-e-type=\"container\">\n\t\t\t\t\t<div class=\"e-con-inner\">\n\t\t\t\t<div class=\"elementor-element elementor-element-065a998 elementor-widget__width-initial elementor-widget elementor-widget-heading\" data-id=\"065a998\" data-element_type=\"widget\" data-e-type=\"widget\" data-widget_type=\"heading.default\">\n\t\t\t\t<div class=\"elementor-widget-container\">\n\t\t\t\t\t<h2 class=\"elementor-heading-title elementor-size-default\">Valores<\/h2>\t\t\t\t<\/div>\n\t\t\t\t<\/div>\n\t\t\t\t<div class=\"elementor-element elementor-element-35c80aa elementor-widget__width-initial elementor-widget elementor-widget-text-editor\" data-id=\"35c80aa\" data-element_type=\"widget\" data-e-type=\"widget\" data-widget_type=\"text-editor.default\">\n\t\t\t\t<div class=\"elementor-widget-container\">\n\t\t\t\t\t\t\t\t\t<p>Los principales valores sobre los que se sustenta la gesti\u00f3n de la compa\u00f1\u00eda son: orientaci\u00f3n a resultados, mejora continua, innovaci\u00f3n, confianza en las personas, compromiso, servicio al cliente y proactividad.<\/p>\n\t\t\t\t\t\t\t\t<\/div>\n\t\t\t\t<\/div>\n\t\t\t\t\t<\/div>\n\t\t\t\t<\/div>\n\t\t<div class=\"elementor-element elementor-element-3051016 e-flex e-con-boxed e-con e-child\" data-id=\"3051016\" data-element_type=\"container\" data-e-type=\"container\" data-settings=\"{&quot;background_background&quot;:&quot;classic&quot;}\">\n\t\t\t\t\t<div class=\"e-con-inner\">\n\t\t\t\t<div class=\"elementor-element elementor-element-39ac0f7 e-transform elementor-widget elementor-widget-image\" data-id=\"39ac0f7\" data-element_type=\"widget\" data-e-type=\"widget\" data-settings=\"{&quot;_transform_scale_effect_hover&quot;:{&quot;unit&quot;:&quot;px&quot;,&quot;size&quot;:1.1,&quot;sizes&quot;:[]},&quot;_transform_scale_effect_hover_tablet&quot;:{&quot;unit&quot;:&quot;px&quot;,&quot;size&quot;:&quot;&quot;,&quot;sizes&quot;:[]},&quot;_transform_scale_effect_hover_mobile&quot;:{&quot;unit&quot;:&quot;px&quot;,&quot;size&quot;:&quot;&quot;,&quot;sizes&quot;:[]}}\" data-widget_type=\"image.default\">\n\t\t\t\t<div class=\"elementor-widget-container\">\n\t\t\t\t\t\t\t\t\t\t\t\t\t\t\t<img decoding=\"async\" width=\"800\" height=\"800\" src=\"https:\/\/www.bamsa.cat\/wp-content\/uploads\/2024\/03\/icon-qui-som-01.svg\" class=\"attachment-large size-large wp-image-1152\" alt=\"\" \/>\t\t\t\t\t\t\t\t\t\t\t\t\t\t\t<\/div>\n\t\t\t\t<\/div>\n\t\t\t\t\t<\/div>\n\t\t\t\t<\/div>\n\t\t\t\t\t<\/div>\n\t\t\t\t<\/div>\n\t\t<div class=\"elementor-element elementor-element-a58c2c7 e-flex e-con-boxed e-con e-parent\" data-id=\"a58c2c7\" data-element_type=\"container\" data-e-type=\"container\">\n\t\t\t\t\t<div class=\"e-con-inner\">\n\t\t\t\t<div class=\"elementor-element elementor-element-a0f4c9e elementor-widget elementor-widget-spacer\" data-id=\"a0f4c9e\" data-element_type=\"widget\" data-e-type=\"widget\" data-widget_type=\"spacer.default\">\n\t\t\t\t<div class=\"elementor-widget-container\">\n\t\t\t\t\t\t\t<div class=\"elementor-spacer\">\n\t\t\t<div class=\"elementor-spacer-inner\"><\/div>\n\t\t<\/div>\n\t\t\t\t\t\t<\/div>\n\t\t\t\t<\/div>\n\t\t\t\t\t<\/div>\n\t\t\t\t<\/div>\n\t\t\t\t<\/div>\n\t\t","protected":false},"excerpt":{"rendered":"<p>Tus aparcamientos en Barcelona Descubre Bamsa,\u00a1los aparcamientos del centro de Barcelona! Saba Barcelona Bamsa, \u201cBamsa\u201d, nacida el 1 de noviembre de 2014, es una empresa p\u00fablico-privada participada por Saba Aparcaments SA y el Ayuntamiento de Barcelona a trav\u00e9s de BSM, SA que gestiona 26 aparcamientos en el centro de Barcelona desde hace 25 a\u00f1os. En [&hellip;]<\/p>\n","protected":false},"author":1,"featured_media":0,"parent":0,"menu_order":0,"comment_status":"closed","ping_status":"closed","template":"","meta":{"footnotes":""},"class_list":["post-1242","page","type-page","status-publish","hentry"],"_links":{"self":[{"href":"https:\/\/www.bamsa.cat\/es\/wp-json\/wp\/v2\/pages\/1242","targetHints":{"allow":["GET"]}}],"collection":[{"href":"https:\/\/www.bamsa.cat\/es\/wp-json\/wp\/v2\/pages"}],"about":[{"href":"https:\/\/www.bamsa.cat\/es\/wp-json\/wp\/v2\/types\/page"}],"author":[{"embeddable":true,"href":"https:\/\/www.bamsa.cat\/es\/wp-json\/wp\/v2\/users\/1"}],"replies":[{"embeddable":true,"href":"https:\/\/www.bamsa.cat\/es\/wp-json\/wp\/v2\/comments?post=1242"}],"version-history":[{"count":11,"href":"https:\/\/www.bamsa.cat\/es\/wp-json\/wp\/v2\/pages\/1242\/revisions"}],"predecessor-version":[{"id":1764,"href":"https:\/\/www.bamsa.cat\/es\/wp-json\/wp\/v2\/pages\/1242\/revisions\/1764"}],"wp:attachment":[{"href":"https:\/\/www.bamsa.cat\/es\/wp-json\/wp\/v2\/media?parent=1242"}],"curies":[{"name":"wp","href":"https:\/\/api.w.org\/{rel}","templated":true}]}}