{"id":1239,"date":"2024-03-25T20:10:03","date_gmt":"2024-03-25T19:10:03","guid":{"rendered":"https:\/\/www.bamsa.cat\/aviso-legal\/"},"modified":"2026-02-10T08:41:54","modified_gmt":"2026-02-10T07:41:54","slug":"aviso-legal","status":"publish","type":"page","link":"https:\/\/www.bamsa.cat\/es\/aviso-legal\/","title":{"rendered":"Aviso Legal"},"content":{"rendered":"\t\t<div data-elementor-type=\"wp-page\" data-elementor-id=\"1239\" class=\"elementor elementor-1239 elementor-91\" data-elementor-post-type=\"page\">\n\t\t\t\t<div class=\"elementor-element elementor-element-38fbb9f e-con-full e-flex e-con e-parent\" data-id=\"38fbb9f\" data-element_type=\"container\" data-e-type=\"container\" data-settings=\"{&quot;background_background&quot;:&quot;classic&quot;}\">\n\t\t<div class=\"elementor-element elementor-element-c75fca9 e-con-full e-transform e-flex e-con e-child\" data-id=\"c75fca9\" data-element_type=\"container\" data-e-type=\"container\" data-settings=\"{&quot;background_background&quot;:&quot;gradient&quot;,&quot;motion_fx_motion_fx_scrolling&quot;:&quot;yes&quot;,&quot;motion_fx_translateY_effect&quot;:&quot;yes&quot;,&quot;motion_fx_translateY_speed&quot;:{&quot;unit&quot;:&quot;px&quot;,&quot;size&quot;:8,&quot;sizes&quot;:[]},&quot;motion_fx_translateY_affectedRange&quot;:{&quot;unit&quot;:&quot;%&quot;,&quot;size&quot;:&quot;&quot;,&quot;sizes&quot;:{&quot;start&quot;:0,&quot;end&quot;:100}},&quot;motion_fx_devices&quot;:[&quot;desktop&quot;,&quot;tablet&quot;,&quot;mobile&quot;],&quot;_transform_rotateZ_effect&quot;:{&quot;unit&quot;:&quot;px&quot;,&quot;size&quot;:&quot;&quot;,&quot;sizes&quot;:[]},&quot;_transform_rotateZ_effect_tablet&quot;:{&quot;unit&quot;:&quot;deg&quot;,&quot;size&quot;:&quot;&quot;,&quot;sizes&quot;:[]},&quot;_transform_rotateZ_effect_mobile&quot;:{&quot;unit&quot;:&quot;deg&quot;,&quot;size&quot;:&quot;&quot;,&quot;sizes&quot;:[]}}\">\n\t\t\t\t<div class=\"elementor-element elementor-element-32c9b79 elementor-widget elementor-widget-heading\" data-id=\"32c9b79\" data-element_type=\"widget\" data-e-type=\"widget\" data-widget_type=\"heading.default\">\n\t\t\t\t<div class=\"elementor-widget-container\">\n\t\t\t\t\t<h2 class=\"elementor-heading-title elementor-size-default\">Tus aparcamientos en Barcelona<\/h2>\t\t\t\t<\/div>\n\t\t\t\t<\/div>\n\t\t\t\t<\/div>\n\t\t\t\t<\/div>\n\t\t<div class=\"elementor-element elementor-element-081b978 e-flex e-con-boxed e-con e-parent\" data-id=\"081b978\" data-element_type=\"container\" data-e-type=\"container\">\n\t\t\t\t\t<div class=\"e-con-inner\">\n\t\t\t\t<div class=\"elementor-element elementor-element-8445d2e elementor-widget elementor-widget-spacer\" data-id=\"8445d2e\" data-element_type=\"widget\" data-e-type=\"widget\" data-widget_type=\"spacer.default\">\n\t\t\t\t<div class=\"elementor-widget-container\">\n\t\t\t\t\t\t\t<div class=\"elementor-spacer\">\n\t\t\t<div class=\"elementor-spacer-inner\"><\/div>\n\t\t<\/div>\n\t\t\t\t\t\t<\/div>\n\t\t\t\t<\/div>\n\t\t\t\t<div class=\"elementor-element elementor-element-612259d elementor-widget__width-initial elementor-widget elementor-widget-heading\" data-id=\"612259d\" data-element_type=\"widget\" data-e-type=\"widget\" data-widget_type=\"heading.default\">\n\t\t\t\t<div class=\"elementor-widget-container\">\n\t\t\t\t\t<h1 class=\"elementor-heading-title elementor-size-default\">Aviso legal<\/h1>\t\t\t\t<\/div>\n\t\t\t\t<\/div>\n\t\t\t\t<div class=\"elementor-element elementor-element-6a38031 elementor-widget elementor-widget-spacer\" data-id=\"6a38031\" data-element_type=\"widget\" data-e-type=\"widget\" data-widget_type=\"spacer.default\">\n\t\t\t\t<div class=\"elementor-widget-container\">\n\t\t\t\t\t\t\t<div class=\"elementor-spacer\">\n\t\t\t<div class=\"elementor-spacer-inner\"><\/div>\n\t\t<\/div>\n\t\t\t\t\t\t<\/div>\n\t\t\t\t<\/div>\n\t\t\t\t<div class=\"elementor-element elementor-element-f04aabf elementor-widget__width-initial elementor-widget elementor-widget-text-editor\" data-id=\"f04aabf\" data-element_type=\"widget\" data-e-type=\"widget\" data-widget_type=\"text-editor.default\">\n\t\t\t\t<div class=\"elementor-widget-container\">\n\t\t\t\t\t\t\t\t\t<p><b>INFORMACI\u00d3N GENERAL Y ACEPTACI\u00d3N<\/b><\/p>\n<p>Este Aviso Legal regula el uso del sitio web https:\/\/www.bamsa.cat (en adelante, el Sitio Web) por parte de los usuarios que acceden o utilizan (en adelante, el Usuario o los Usuarios ).<\/p>\n<p>El titular del Sitio Web es Barcelona de Aparcamientos Municipales, SA (en adelante, \u201cBAMSA\u201d), con CIF n\u00famero A66383902, domicilio en la Avenida Parc Log\u00edstic, 22-26 08040 de Barcelona, \u200b\u200be inscrita en el Registro Mercantil de Barcelona, \u200b\u200bHoja B-4585510, Folio 1, Tomo 44519, Inscripci\u00f3n 1 .<\/p>\n<p>Si desea contactar con BAMSA puede hacerlo a trav\u00e9s del n\u00famero de tel\u00e9fono 902283080 o, si lo prefiere, a trav\u00e9s del correo electr\u00f3nico atclientbamsa@bamsa.cat.<\/p>\n<p>El acceso al Sitio Web implica la aceptaci\u00f3n del presente Aviso Legal por parte del Usuario. Si no est\u00e1 de acuerdo con todo o parte de este Aviso Legal, el Usuario debe abstenerse de acceder o utilizar el Sitio Web. <\/p>\n<p><b>MODIFICACI\u00d3N DEL AVISO LEGAL<\/b><\/p>\n<p>BAMSA se reserva la facultad de modificar o actualizar en cualquier momento este Aviso Legal, por tanto, los Usuarios deben leerlo atentamente en cada una de las ocasiones en que se propongan acceder o utilizar el Sitio Web, ya que \u00e9ste puede sufrir modificaciones sin previo aviso, resultando aplicables desde la fecha indicada en \u00e9ste.<\/p>\n<p><b>CONDICIONES DE USO DEL SITIO WEB<\/b><\/p>\n<p>El uso del Sitio Web es totalmente voluntario y se realiza bajo la responsabilidad del Usuario. El Usuario \u00fanicamente podr\u00e1 acceder al Sitio Web mediante los medios o procedimientos que se hayan puesto a su disposici\u00f3n al efecto o se utilicen habitualmente a tal fin, siempre que no impliquen la violaci\u00f3n de derechos de propiedad intelectual o industrial o impliquen alg\u00fan tipo de da\u00f1o para el Sitio Web. <\/p>\n<p>El Usuario se obliga a utilizar el Sitio Web de forma diligente, legal, correcta y l\u00edcita y, en particular, se compromete a t\u00edtulo meramente enunciativo y no exhaustivo a abstenerse de:<\/p>\n<p>a) Utilizar el Sitio Web de modo que produzcan o puedan producir efectos y\/o con fines contrarios a la ley, a la moral ya las buenas costumbres generalmente aceptadas o al orden p\u00fablico;<\/p>\n<p>b) Transmitir o difundir informaci\u00f3n, datos, contenidos, mensajes, gr\u00e1ficos, dibujos, archivos de sonido y\/o imagen, fotograf\u00edas, grabaciones, software, y en general, cualquier material obsceno, ofensivo, vulgar o que induzca actuaciones delictivas, denigrantes, difamatorias, infamantes, violentas o, en general, contrarias a la ley, a la moral y buenas costumbres generalmente aceptadas o al orden p\u00fablico;<\/p>\n<p>c) Reproducir, copiar, o distribuir los contenidos, as\u00ed como permitir el acceso del p\u00fablico a los mismos a trav\u00e9s de cualquier modalidad de comunicaci\u00f3n p\u00fablica, o transformarlos o modificarlos, salvo que se cuente con la autorizaci\u00f3n del titular de los correspondientes derechos o esto resulte legalmente permitido;<\/p>\n<p>d) Vulnerar derechos de propiedad intelectual o industrial pertenecientes a BAMSA oa terceros;<\/p>\n<p>e) Utilizar el Sitio Web de forma que pueda suponer un perjuicio o sobrecarga para el<\/p>\n<p>funcionamiento del mismo;<\/p>\n<p>f) Realizar transacciones fraudulentas o que puedan facilitar conductas il\u00edcitas o fraudulentas de cualquier tipo;<\/p>\n<p>g) Emplear los contenidos y servicios y, en particular, la informaci\u00f3n de cualquier clase obtenida a trav\u00e9s del Sitio Web con cualquier tipo de finalidad publicitaria y, en especial, para remitir publicidad, comunicaciones con fines de venta directa o con cualquier otra clase de finalidad comercial, mensajes no solicitados individualizados o dirigidos a una pluralidad de personas, as\u00ed como de comercializar o divulgar de cualquier modo esta informaci\u00f3n.<\/p>\n<p>El Usuario responder\u00e1 por los da\u00f1os y perjuicios de toda naturaleza que BAMSA pueda sufrir, directa o indirectamente, como consecuencia del incumplimiento de cualquiera de las obligaciones derivadas de este Aviso Legal o de la ley, en relaci\u00f3n con la utilizaci\u00f3n del Sitio Web.<\/p>\n<p><b>EXCLUSI\u00d3N DE GARANT\u00cdAS Y RESPONSABILIDAD<\/b><\/p>\n<p>BAMSA se reserva el derecho a interrumpir el acceso al Sitio Web en cualquier momento y sin previo aviso, ya sea por motivos t\u00e9cnicos, de seguridad, de control, de mantenimiento, por fallos de suministro el\u00e9ctrico o por cualquier otra causa fundada.<\/p>\n<p>En consecuencia, BAMSA no garantiza la fiabilidad, la disponibilidad, ni la continuidad del Sitio Web, por lo que la utilizaci\u00f3n por parte del Usuario se lleva a cabo por su propia cuenta y riesgo, sin que, en ning\u00fan momento puedan exigirse responsabilidades por la discontinuidad o carencia de disponibilidad.<\/p>\n<p>BAMSA no ser\u00e1 responsable en caso de que existan interrupciones, demoras, errores, mal funcionamiento del Sitio Web y, en general, otros inconvenientes que tengan su origen en causas que escapan del control de BAMSA, y\/o debidas a una actuaci\u00f3n dolosa o culpa de los Usuarios y\/o tengan por origen causas de fuerza mayor. En cualquier caso, cualquiera que sea su causa, BAMSA no asumir\u00e1 ninguna responsabilidad ya sea por da\u00f1os directos o indirectos, da\u00f1o emergente y\/o por lucro cesante. <\/p>\n<p>BAMSA excluye cualquier responsabilidad por los da\u00f1os y perjuicios de toda naturaleza que puedan deberse a la falta de veracidad, exactitud, exhaustividad y\/o actualidad de los contenidos transmitidos, difundidos, almacenados, puestos a disposici\u00f3n o recibos, obtenidos oa los que se haya accedido a trav\u00e9s del Sitio Web; ni tampoco por los contenidos prestados u ofrecidos por terceras personas o entidades. BAMSA tratar\u00e1 en la medida de lo posible de actualizar y rectificar aquella informaci\u00f3n que no cumpla con las m\u00ednimas garant\u00edas de veracidad. No obstante, queda exonerada de responsabilidad por su no actualizaci\u00f3n o rectificaci\u00f3n, as\u00ed como por los contenidos e informaciones que se vierten.  <\/p>\n<p>BAMSA excluye cualquier responsabilidad por los da\u00f1os y perjuicios de toda clase que puedan deberse a la presencia de virus oa la presencia de otros elementos lesivos en los contenidos que puedan producir alteraci\u00f3n en los sistemas inform\u00e1ticos, as\u00ed como en los documentos o sistemas almacenados en los mismos.<\/p>\n<p>BAMSA no se hace responsable de los contenidos, sean cuales sean los mismos, que el Usuario env\u00ede a BAMSA por cualquier medio, y por tanto es imputable al Usuario cualquier responsabilidad dimanante de los contenidos enviados por este medio.<\/p>\n<p>BAMSA no se hace responsable de la utilizaci\u00f3n que el Usuario haga del Sitio Web, que pueda suponer una violaci\u00f3n de cualquier tipo de norma, nacional o internacional, de los derechos de propiedad intelectual o industrial o de cualquier otro derecho de terceros. De igual modo, no se hace responsable de los posibles errores de seguridad que se puedan producir por el hecho de utilizar versiones de sistemas operativos y\/o de navegadores no actualizadas, o de las consecuencias que se puedan derivar del mal funcionamiento del sistema, ya sea \u200b\u200bpor configuraci\u00f3n inadecuada, presencia de virus inform\u00e1ticos o cualquier otra causa ajena a BAMSA. <\/p>\n<p>BAMSA excluye cualquier tipo de garant\u00eda, quedando por tanto libre de total responsabilidad derivada de los puntos expresados \u200b\u200bcon anterioridad, as\u00ed como de otros aspectos que pueden no estar contemplados en el presente documento.<\/p>\n<p><b>ENLACES A TERCEROS (ENLACES SALIDOS)<\/b><\/p>\n<p>El Sitio Web puede facilitar enlaces a otros contenidos o incluir directorios o instrumentos de b\u00fasqueda de contenidos que permiten a los Usuarios acceder a sitios web de Internet (en adelante, \u00abSitios Enlazados\u00bb). En estos casos, BAMSA s\u00f3lo ser\u00e1 responsable de los contenidos y servicios suministrados a los Sitios Enlazados en la medida en que tenga conocimiento efectivo de la ilicitud o que puedan lesionarse bienes o derechos de terceros y no haya desactivado el enlace con la diligencia debida. <\/p>\n<p>En caso de que los Usuarios consideren que existe un Sitio Enlazado con contenidos il\u00edcitos o inadecuados, podr\u00e1n comunicarlo a BAMSA a la direcci\u00f3n de contacto se\u00f1alada en el primer apartado de este Aviso Legal.<\/p>\n<p>En ning\u00fan caso esta comunicaci\u00f3n comporta la obligaci\u00f3n de retirar el correspondiente enlace, ni supone, el conocimiento efectivo de las actividades y\/o contenidos indicados por el comunicante.<\/p>\n<p>En ning\u00fan caso, la existencia de Sitios Enlazados debe presuponer la existencia de acuerdos con los responsables o titulares de los mismos, ni la recomendaci\u00f3n, promoci\u00f3n o identificaci\u00f3n de BAMSA con las manifestaciones, contenidos o servicios provistos.<\/p>\n<p>BAMSA no conoce los contenidos y servicios de los Sitios Enlazados y por tanto no se hace responsable de los da\u00f1os producidos por la ilicitud, calidad, desactualizaci\u00f3n, indisponibilidad, error e inutilidad de los contenidos y\/o servicios de los Sitios Enlazados ni por cualquier otro da\u00f1o que no sea directamente imputable a BAMSA.<\/p>\n<p><b>ENLACES ENTRANTES<\/b><\/p>\n<p>No se autoriza a terceros a introducir enlaces desde sus propios sitios web al Sitio Web salvo el consentimiento expreso de BAMSA.<\/p>\n<p>En caso de que se autorice a un tercero utilizar el enlace, este uso se har\u00e1 respetando las limitaciones y finalidades previstas en la propia autorizaci\u00f3n.<\/p>\n<p>BAMSA podr\u00e1 solicitar, en cualquier momento y sin necesidad de aportar las razones de esta solicitud, que se elimine cualquier enlace al Sitio Web, despu\u00e9s de lo cual el titular del sitio web enlazante deber\u00e1 proceder de inmediato a eliminarlo.<\/p>\n<p><b>PROPIEDAD INTELECTUAL E INDUSTRIAL<\/b><\/p>\n<p>La totalidad de los contenidos del Sitio Web, entendiendo por \u00e9stos a t\u00edtulo meramente enunciativo los textos, fotograf\u00edas, gr\u00e1ficos, im\u00e1genes, iconos, tecnolog\u00eda, software, links, dominios, marcas y otros contenidos audiovisuales o sonoros, as\u00ed como su dise\u00f1o gr\u00e1fico y c\u00f3digos fuente, son de la exclusiva propiedad de BAMSA o de terceros, cuyos derechos en su caso reconoce BAMSA, y est\u00e1n sujetos a derechos de propiedad intelectual e industrial protegidos por la legislaci\u00f3n nacional e internacional.<\/p>\n<p>Queda estrictamente prohibida cualquier utilizaci\u00f3n de cualquiera de los elementos objeto de propiedad industrial e intelectual con cualquier tipo de finalidad, especialmente comercial, as\u00ed como su distribuci\u00f3n, comunicaci\u00f3n p\u00fablica, modificaci\u00f3n, alteraci\u00f3n, transformaci\u00f3n o descompilaci\u00f3n, salvo autorizaci\u00f3n expresa por escrito por parte del titular de los mismos.<\/p>\n<p><b>POL\u00cdTICA DE PRIVACIDAD Y COOKIES<\/b><\/p>\n<p>Tanto el tratamiento de cualquier dato de car\u00e1cter personal que el Usuario facilite o genere mediante el uso del Sitio Web, as\u00ed como, en su caso, la utilizaci\u00f3n de cookies, se llevar\u00e1n a cabo de acuerdo con la Pol\u00edtica de Privacidad y Cookies .<\/p>\n<p>Los Usuarios deben leer y aceptar esta Pol\u00edtica de Privacidad antes de facilitar sus datos personales a BAMSA.<\/p>\n<p><b>LEGISLACI\u00d3N Y JURISDICCI\u00d3N COMPETENTE<\/b><\/p>\n<p>Este Aviso Legal se regir\u00e1 e interpretar\u00e1 de acuerdo a la legislaci\u00f3n espa\u00f1ola. Para resolver cualquier conflicto que pudiera derivarse del uso del Sitio Web, el Usuario y BAMSA, acuerdan someterse expresamente a los Juzgados y Tribunales de la ciudad de Barcelona, \u200b\u200bcon renuncia a cualquier fuero que pudiera corresponderles. <\/p>\n<p>FECHA DE \u00daLTIMA ACTUALIZACI\u00d3N: 04\/06\/2019<\/p>\n<div><br><\/div>\t\t\t\t\t\t\t\t<\/div>\n\t\t\t\t<\/div>\n\t\t\t\t\t<\/div>\n\t\t\t\t<\/div>\n\t\t<div class=\"elementor-element elementor-element-1cd1e10 e-flex e-con-boxed e-con e-parent\" data-id=\"1cd1e10\" data-element_type=\"container\" data-e-type=\"container\">\n\t\t\t\t\t<div class=\"e-con-inner\">\n\t\t\t\t<div class=\"elementor-element elementor-element-e6b8d52 elementor-widget elementor-widget-spacer\" data-id=\"e6b8d52\" data-element_type=\"widget\" data-e-type=\"widget\" data-widget_type=\"spacer.default\">\n\t\t\t\t<div class=\"elementor-widget-container\">\n\t\t\t\t\t\t\t<div class=\"elementor-spacer\">\n\t\t\t<div class=\"elementor-spacer-inner\"><\/div>\n\t\t<\/div>\n\t\t\t\t\t\t<\/div>\n\t\t\t\t<\/div>\n\t\t\t\t\t<\/div>\n\t\t\t\t<\/div>\n\t\t\t\t<\/div>\n\t\t","protected":false},"excerpt":{"rendered":"<p>Tus aparcamientos en Barcelona Aviso legal INFORMACI\u00d3N GENERAL Y ACEPTACI\u00d3N Este Aviso Legal regula el uso del sitio web https:\/\/www.bamsa.cat (en adelante, el Sitio Web) por parte de los usuarios que acceden o utilizan (en adelante, el Usuario o los Usuarios ). El titular del Sitio Web es Barcelona de Aparcamientos Municipales, SA (en adelante, [&hellip;]<\/p>\n","protected":false},"author":1,"featured_media":0,"parent":0,"menu_order":0,"comment_status":"closed","ping_status":"closed","template":"","meta":{"footnotes":""},"class_list":["post-1239","page","type-page","status-publish","hentry"],"_links":{"self":[{"href":"https:\/\/www.bamsa.cat\/es\/wp-json\/wp\/v2\/pages\/1239","targetHints":{"allow":["GET"]}}],"collection":[{"href":"https:\/\/www.bamsa.cat\/es\/wp-json\/wp\/v2\/pages"}],"about":[{"href":"https:\/\/www.bamsa.cat\/es\/wp-json\/wp\/v2\/types\/page"}],"author":[{"embeddable":true,"href":"https:\/\/www.bamsa.cat\/es\/wp-json\/wp\/v2\/users\/1"}],"replies":[{"embeddable":true,"href":"https:\/\/www.bamsa.cat\/es\/wp-json\/wp\/v2\/comments?post=1239"}],"version-history":[{"count":4,"href":"https:\/\/www.bamsa.cat\/es\/wp-json\/wp\/v2\/pages\/1239\/revisions"}],"predecessor-version":[{"id":1891,"href":"https:\/\/www.bamsa.cat\/es\/wp-json\/wp\/v2\/pages\/1239\/revisions\/1891"}],"wp:attachment":[{"href":"https:\/\/www.bamsa.cat\/es\/wp-json\/wp\/v2\/media?parent=1239"}],"curies":[{"name":"wp","href":"https:\/\/api.w.org\/{rel}","templated":true}]}}