{"id":1225,"date":"2024-03-25T20:09:01","date_gmt":"2024-03-25T19:09:01","guid":{"rendered":"https:\/\/www.bamsa.cat\/servicios\/"},"modified":"2025-12-02T16:22:06","modified_gmt":"2025-12-02T15:22:06","slug":"servicios","status":"publish","type":"page","link":"https:\/\/www.bamsa.cat\/es\/servicios\/","title":{"rendered":"Servicios"},"content":{"rendered":"\t\t<div data-elementor-type=\"wp-page\" data-elementor-id=\"1225\" class=\"elementor elementor-1225 elementor-83\" data-elementor-post-type=\"page\">\n\t\t\t\t<div class=\"elementor-element elementor-element-8e3ca04 e-con-full e-flex e-con e-parent\" data-id=\"8e3ca04\" data-element_type=\"container\" data-e-type=\"container\" data-settings=\"{&quot;background_background&quot;:&quot;classic&quot;}\">\n\t\t<div class=\"elementor-element elementor-element-0c202ec e-con-full e-transform e-flex e-con e-child\" data-id=\"0c202ec\" data-element_type=\"container\" data-e-type=\"container\" data-settings=\"{&quot;background_background&quot;:&quot;gradient&quot;,&quot;motion_fx_motion_fx_scrolling&quot;:&quot;yes&quot;,&quot;motion_fx_translateY_effect&quot;:&quot;yes&quot;,&quot;motion_fx_translateY_speed&quot;:{&quot;unit&quot;:&quot;px&quot;,&quot;size&quot;:8,&quot;sizes&quot;:[]},&quot;motion_fx_translateY_affectedRange&quot;:{&quot;unit&quot;:&quot;%&quot;,&quot;size&quot;:&quot;&quot;,&quot;sizes&quot;:{&quot;start&quot;:0,&quot;end&quot;:100}},&quot;motion_fx_devices&quot;:[&quot;desktop&quot;,&quot;tablet&quot;,&quot;mobile&quot;],&quot;_transform_rotateZ_effect&quot;:{&quot;unit&quot;:&quot;px&quot;,&quot;size&quot;:&quot;&quot;,&quot;sizes&quot;:[]},&quot;_transform_rotateZ_effect_tablet&quot;:{&quot;unit&quot;:&quot;deg&quot;,&quot;size&quot;:&quot;&quot;,&quot;sizes&quot;:[]},&quot;_transform_rotateZ_effect_mobile&quot;:{&quot;unit&quot;:&quot;deg&quot;,&quot;size&quot;:&quot;&quot;,&quot;sizes&quot;:[]}}\">\n\t\t\t\t<div class=\"elementor-element elementor-element-a93ff64 elementor-widget elementor-widget-heading\" data-id=\"a93ff64\" data-element_type=\"widget\" data-e-type=\"widget\" data-widget_type=\"heading.default\">\n\t\t\t\t<div class=\"elementor-widget-container\">\n\t\t\t\t\t<h2 class=\"elementor-heading-title elementor-size-default\">Tus aparcamientos en Barcelona<\/h2>\t\t\t\t<\/div>\n\t\t\t\t<\/div>\n\t\t\t\t<\/div>\n\t\t\t\t<\/div>\n\t\t<div class=\"elementor-element elementor-element-b290f08 e-flex e-con-boxed e-con e-parent\" data-id=\"b290f08\" data-element_type=\"container\" data-e-type=\"container\">\n\t\t\t\t\t<div class=\"e-con-inner\">\n\t\t\t\t<div class=\"elementor-element elementor-element-0496c43 elementor-widget elementor-widget-spacer\" data-id=\"0496c43\" data-element_type=\"widget\" data-e-type=\"widget\" data-widget_type=\"spacer.default\">\n\t\t\t\t<div class=\"elementor-widget-container\">\n\t\t\t\t\t\t\t<div class=\"elementor-spacer\">\n\t\t\t<div class=\"elementor-spacer-inner\"><\/div>\n\t\t<\/div>\n\t\t\t\t\t\t<\/div>\n\t\t\t\t<\/div>\n\t\t\t\t<div class=\"elementor-element elementor-element-48267ba elementor-widget__width-initial elementor-widget elementor-widget-heading\" data-id=\"48267ba\" data-element_type=\"widget\" data-e-type=\"widget\" data-widget_type=\"heading.default\">\n\t\t\t\t<div class=\"elementor-widget-container\">\n\t\t\t\t\t<h1 class=\"elementor-heading-title elementor-size-default\">Serveis que ofereixen<br>els nostres aparcaments<\/h1>\t\t\t\t<\/div>\n\t\t\t\t<\/div>\n\t\t\t\t<div class=\"elementor-element elementor-element-d3fe773 elementor-widget elementor-widget-spacer\" data-id=\"d3fe773\" data-element_type=\"widget\" data-e-type=\"widget\" data-widget_type=\"spacer.default\">\n\t\t\t\t<div class=\"elementor-widget-container\">\n\t\t\t\t\t\t\t<div class=\"elementor-spacer\">\n\t\t\t<div class=\"elementor-spacer-inner\"><\/div>\n\t\t<\/div>\n\t\t\t\t\t\t<\/div>\n\t\t\t\t<\/div>\n\t\t\t\t<div class=\"elementor-element elementor-element-25d6198 elementor-widget__width-initial elementor-widget elementor-widget-text-editor\" data-id=\"25d6198\" data-element_type=\"widget\" data-e-type=\"widget\" data-widget_type=\"text-editor.default\">\n\t\t\t\t<div class=\"elementor-widget-container\">\n\t\t\t\t\t\t\t\t\t<p>Barcelona se encuentra frente a la explosi\u00f3n de un nuevo ecosistema de la movilidad. En este escenario, Saba Barcelona Bamsa trabaja para convertir el aparcamiento en un hub de servicios de movilidad sostenible para las personas y mercanc\u00edas, especialmente para la llamada log\u00edstica de \u00faltima milla. Instalaciones transformadas en un meeting point \u201d de la movilidad, pero, sobre todo, un espacio din\u00e1mico y conectado donde se concentran nuevos usos m\u00e1s all\u00e1 de lo que ha sido tradicionalmente el sector del aparcamiento.  <\/p>\t\t\t\t\t\t\t\t<\/div>\n\t\t\t\t<\/div>\n\t\t\t\t<div class=\"elementor-element elementor-element-ee222a8 elementor-widget elementor-widget-spacer\" data-id=\"ee222a8\" data-element_type=\"widget\" data-e-type=\"widget\" data-widget_type=\"spacer.default\">\n\t\t\t\t<div class=\"elementor-widget-container\">\n\t\t\t\t\t\t\t<div class=\"elementor-spacer\">\n\t\t\t<div class=\"elementor-spacer-inner\"><\/div>\n\t\t<\/div>\n\t\t\t\t\t\t<\/div>\n\t\t\t\t<\/div>\n\t\t\t\t\t<\/div>\n\t\t\t\t<\/div>\n\t\t<div class=\"elementor-element elementor-element-c19ea9d e-grid e-con-boxed e-con e-parent\" data-id=\"c19ea9d\" data-element_type=\"container\" data-e-type=\"container\" data-settings=\"{&quot;background_background&quot;:&quot;classic&quot;}\">\n\t\t\t\t\t<div class=\"e-con-inner\">\n\t\t<div class=\"elementor-element elementor-element-4681858 e-flex e-con-boxed e-con e-child\" data-id=\"4681858\" data-element_type=\"container\" data-e-type=\"container\">\n\t\t\t\t\t<div class=\"e-con-inner\">\n\t\t\t\t<div class=\"elementor-element elementor-element-4cc5735 e-transform elementor-widget elementor-widget-image\" data-id=\"4cc5735\" data-element_type=\"widget\" data-e-type=\"widget\" data-settings=\"{&quot;_transform_scale_effect_hover&quot;:{&quot;unit&quot;:&quot;px&quot;,&quot;size&quot;:1.1,&quot;sizes&quot;:[]},&quot;_transform_scale_effect_hover_tablet&quot;:{&quot;unit&quot;:&quot;px&quot;,&quot;size&quot;:&quot;&quot;,&quot;sizes&quot;:[]},&quot;_transform_scale_effect_hover_mobile&quot;:{&quot;unit&quot;:&quot;px&quot;,&quot;size&quot;:&quot;&quot;,&quot;sizes&quot;:[]}}\" alt=\"\" data-widget_type=\"image.default\">\n\t\t\t\t<div class=\"elementor-widget-container\">\n\t\t\t\t\t\t\t\t\t\t\t\t\t\t\t<img fetchpriority=\"high\" decoding=\"async\" width=\"700\" height=\"700\" src=\"https:\/\/www.bamsa.cat\/wp-content\/uploads\/2024\/05\/Servei-Vehicles-electrics.jpg\" class=\"attachment-large size-large wp-image-1190\" alt=\"Punto de recarga para veh\u00edculos el\u00e9ctricos en el aparcamiento de Bamsa.\" srcset=\"https:\/\/www.bamsa.cat\/wp-content\/uploads\/2024\/05\/Servei-Vehicles-electrics.jpg 700w, https:\/\/www.bamsa.cat\/wp-content\/uploads\/2024\/05\/Servei-Vehicles-electrics-300x300.jpg 300w, https:\/\/www.bamsa.cat\/wp-content\/uploads\/2024\/05\/Servei-Vehicles-electrics-150x150.jpg 150w\" sizes=\"(max-width: 700px) 100vw, 700px\" \/>\t\t\t\t\t\t\t\t\t\t\t\t\t\t\t<\/div>\n\t\t\t\t<\/div>\n\t\t\t\t<div class=\"elementor-element elementor-element-cb1d462 elementor-widget elementor-widget-heading\" data-id=\"cb1d462\" data-element_type=\"widget\" data-e-type=\"widget\" data-widget_type=\"heading.default\">\n\t\t\t\t<div class=\"elementor-widget-container\">\n\t\t\t\t\t<h2 class=\"elementor-heading-title elementor-size-default\">Veh\u00edculos el\u00e9ctricos<\/h2>\t\t\t\t<\/div>\n\t\t\t\t<\/div>\n\t\t\t\t<div class=\"elementor-element elementor-element-92e385f elementor-widget elementor-widget-text-editor\" data-id=\"92e385f\" data-element_type=\"widget\" data-e-type=\"widget\" data-widget_type=\"text-editor.default\">\n\t\t\t\t<div class=\"elementor-widget-container\">\n\t\t\t\t\t\t\t\t\t<p>Una gran red de puntos de recarga con productos para rotaci\u00f3n y abonados.<\/p>\t\t\t\t\t\t\t\t<\/div>\n\t\t\t\t<\/div>\n\t\t\t\t\t<\/div>\n\t\t\t\t<\/div>\n\t\t<div class=\"elementor-element elementor-element-e64252c e-flex e-con-boxed e-con e-child\" data-id=\"e64252c\" data-element_type=\"container\" data-e-type=\"container\">\n\t\t\t\t\t<div class=\"e-con-inner\">\n\t\t\t\t<div class=\"elementor-element elementor-element-340cf54 e-transform elementor-widget elementor-widget-image\" data-id=\"340cf54\" data-element_type=\"widget\" data-e-type=\"widget\" data-settings=\"{&quot;_transform_scale_effect_hover&quot;:{&quot;unit&quot;:&quot;px&quot;,&quot;size&quot;:1.1,&quot;sizes&quot;:[]},&quot;_transform_scale_effect_hover_tablet&quot;:{&quot;unit&quot;:&quot;px&quot;,&quot;size&quot;:&quot;&quot;,&quot;sizes&quot;:[]},&quot;_transform_scale_effect_hover_mobile&quot;:{&quot;unit&quot;:&quot;px&quot;,&quot;size&quot;:&quot;&quot;,&quot;sizes&quot;:[]}}\" data-widget_type=\"image.default\">\n\t\t\t\t<div class=\"elementor-widget-container\">\n\t\t\t\t\t\t\t\t\t\t\t\t\t\t\t<img decoding=\"async\" width=\"700\" height=\"700\" src=\"https:\/\/www.bamsa.cat\/wp-content\/uploads\/2024\/05\/Servei-sharing.jpg\" class=\"attachment-large size-large wp-image-1188\" alt=\"Zona de aparcamiento con plazas destinadas a servicios de veh\u00edculos compartidos.\" srcset=\"https:\/\/www.bamsa.cat\/wp-content\/uploads\/2024\/05\/Servei-sharing.jpg 700w, https:\/\/www.bamsa.cat\/wp-content\/uploads\/2024\/05\/Servei-sharing-300x300.jpg 300w, https:\/\/www.bamsa.cat\/wp-content\/uploads\/2024\/05\/Servei-sharing-150x150.jpg 150w\" sizes=\"(max-width: 700px) 100vw, 700px\" \/>\t\t\t\t\t\t\t\t\t\t\t\t\t\t\t<\/div>\n\t\t\t\t<\/div>\n\t\t\t\t<div class=\"elementor-element elementor-element-775e734 elementor-widget elementor-widget-heading\" data-id=\"775e734\" data-element_type=\"widget\" data-e-type=\"widget\" data-widget_type=\"heading.default\">\n\t\t\t\t<div class=\"elementor-widget-container\">\n\t\t\t\t\t<h2 class=\"elementor-heading-title elementor-size-default\">Sharing<\/h2>\t\t\t\t<\/div>\n\t\t\t\t<\/div>\n\t\t\t\t<div class=\"elementor-element elementor-element-3e2e7af elementor-widget elementor-widget-text-editor\" data-id=\"3e2e7af\" data-element_type=\"widget\" data-e-type=\"widget\" data-widget_type=\"text-editor.default\">\n\t\t\t\t<div class=\"elementor-widget-container\">\n\t\t\t\t\t\t\t\t\t<p>Todas las modalidades del sector y operadores en nuestra red de aparcamientos.<\/p>\t\t\t\t\t\t\t\t<\/div>\n\t\t\t\t<\/div>\n\t\t\t\t\t<\/div>\n\t\t\t\t<\/div>\n\t\t<div class=\"elementor-element elementor-element-90dac0e e-con-full e-flex e-con e-child\" data-id=\"90dac0e\" data-element_type=\"container\" data-e-type=\"container\">\n\t\t\t\t<div class=\"elementor-element elementor-element-e48f80e e-transform elementor-widget elementor-widget-image\" data-id=\"e48f80e\" data-element_type=\"widget\" data-e-type=\"widget\" data-settings=\"{&quot;_transform_scale_effect_hover&quot;:{&quot;unit&quot;:&quot;px&quot;,&quot;size&quot;:1.1,&quot;sizes&quot;:[]},&quot;_transform_scale_effect_hover_tablet&quot;:{&quot;unit&quot;:&quot;px&quot;,&quot;size&quot;:&quot;&quot;,&quot;sizes&quot;:[]},&quot;_transform_scale_effect_hover_mobile&quot;:{&quot;unit&quot;:&quot;px&quot;,&quot;size&quot;:&quot;&quot;,&quot;sizes&quot;:[]}}\" data-widget_type=\"image.default\">\n\t\t\t\t<div class=\"elementor-widget-container\">\n\t\t\t\t\t\t\t\t\t\t\t\t\t\t\t<img decoding=\"async\" width=\"700\" height=\"700\" src=\"https:\/\/www.bamsa.cat\/wp-content\/uploads\/2024\/05\/Servei-clickcollect.jpg\" class=\"attachment-large size-large wp-image-1174\" alt=\"\u00c1rea de taquillas Click &amp; Collect dentro del aparcamiento de Bamsa.\" srcset=\"https:\/\/www.bamsa.cat\/wp-content\/uploads\/2024\/05\/Servei-clickcollect.jpg 700w, https:\/\/www.bamsa.cat\/wp-content\/uploads\/2024\/05\/Servei-clickcollect-300x300.jpg 300w, https:\/\/www.bamsa.cat\/wp-content\/uploads\/2024\/05\/Servei-clickcollect-150x150.jpg 150w\" sizes=\"(max-width: 700px) 100vw, 700px\" \/>\t\t\t\t\t\t\t\t\t\t\t\t\t\t\t<\/div>\n\t\t\t\t<\/div>\n\t\t\t\t<div class=\"elementor-element elementor-element-0ee2a2f elementor-widget elementor-widget-heading\" data-id=\"0ee2a2f\" data-element_type=\"widget\" data-e-type=\"widget\" data-widget_type=\"heading.default\">\n\t\t\t\t<div class=\"elementor-widget-container\">\n\t\t\t\t\t<h2 class=\"elementor-heading-title elementor-size-default\">Click  Collect<\/h2>\t\t\t\t<\/div>\n\t\t\t\t<\/div>\n\t\t\t\t<div class=\"elementor-element elementor-element-046c77d elementor-widget elementor-widget-text-editor\" data-id=\"046c77d\" data-element_type=\"widget\" data-e-type=\"widget\" data-widget_type=\"text-editor.default\">\n\t\t\t\t<div class=\"elementor-widget-container\">\n\t\t\t\t\t\t\t\t\t<p>Lockers de las principales empresas del sector disponibles 24\/7.<\/p>\t\t\t\t\t\t\t\t<\/div>\n\t\t\t\t<\/div>\n\t\t\t\t<\/div>\n\t\t<div class=\"elementor-element elementor-element-2e1c58c e-flex e-con-boxed e-con e-child\" data-id=\"2e1c58c\" data-element_type=\"container\" data-e-type=\"container\">\n\t\t\t\t\t<div class=\"e-con-inner\">\n\t\t\t\t<div class=\"elementor-element elementor-element-72084fc e-transform elementor-widget elementor-widget-image\" data-id=\"72084fc\" data-element_type=\"widget\" data-e-type=\"widget\" data-settings=\"{&quot;_transform_scale_effect_hover&quot;:{&quot;unit&quot;:&quot;px&quot;,&quot;size&quot;:1.1,&quot;sizes&quot;:[]},&quot;_transform_scale_effect_hover_tablet&quot;:{&quot;unit&quot;:&quot;px&quot;,&quot;size&quot;:&quot;&quot;,&quot;sizes&quot;:[]},&quot;_transform_scale_effect_hover_mobile&quot;:{&quot;unit&quot;:&quot;px&quot;,&quot;size&quot;:&quot;&quot;,&quot;sizes&quot;:[]}}\" data-widget_type=\"image.default\">\n\t\t\t\t<div class=\"elementor-widget-container\">\n\t\t\t\t\t\t\t\t\t\t\t\t\t\t\t<img loading=\"lazy\" decoding=\"async\" width=\"700\" height=\"700\" src=\"https:\/\/www.bamsa.cat\/wp-content\/uploads\/2024\/05\/Servei-Digitalitzacio-i-tecnologia.jpg\" class=\"attachment-large size-large wp-image-1176\" alt=\"Acceso a un aparcamiento con lectura de matr\u00edculas y sistemas digitales de control.\" srcset=\"https:\/\/www.bamsa.cat\/wp-content\/uploads\/2024\/05\/Servei-Digitalitzacio-i-tecnologia.jpg 700w, https:\/\/www.bamsa.cat\/wp-content\/uploads\/2024\/05\/Servei-Digitalitzacio-i-tecnologia-300x300.jpg 300w, https:\/\/www.bamsa.cat\/wp-content\/uploads\/2024\/05\/Servei-Digitalitzacio-i-tecnologia-150x150.jpg 150w\" sizes=\"(max-width: 700px) 100vw, 700px\" \/>\t\t\t\t\t\t\t\t\t\t\t\t\t\t\t<\/div>\n\t\t\t\t<\/div>\n\t\t\t\t<div class=\"elementor-element elementor-element-d344671 elementor-widget elementor-widget-heading\" data-id=\"d344671\" data-element_type=\"widget\" data-e-type=\"widget\" data-widget_type=\"heading.default\">\n\t\t\t\t<div class=\"elementor-widget-container\">\n\t\t\t\t\t<h2 class=\"elementor-heading-title elementor-size-default\">Digitalizaci\u00f3n y tecnolog\u00eda<\/h2>\t\t\t\t<\/div>\n\t\t\t\t<\/div>\n\t\t\t\t<div class=\"elementor-element elementor-element-32143d2 elementor-widget elementor-widget-text-editor\" data-id=\"32143d2\" data-element_type=\"widget\" data-e-type=\"widget\" data-widget_type=\"text-editor.default\">\n\t\t\t\t<div class=\"elementor-widget-container\">\n\t\t\t\t\t\t\t\t\t<p>Lectura de matr\u00edculas, App, VIA T y QR.<\/p>\t\t\t\t\t\t\t\t<\/div>\n\t\t\t\t<\/div>\n\t\t\t\t\t<\/div>\n\t\t\t\t<\/div>\n\t\t<div class=\"elementor-element elementor-element-51d9567 e-flex e-con-boxed e-con e-child\" data-id=\"51d9567\" data-element_type=\"container\" data-e-type=\"container\">\n\t\t\t\t\t<div class=\"e-con-inner\">\n\t\t\t\t<div class=\"elementor-element elementor-element-8525031 e-transform elementor-widget elementor-widget-image\" data-id=\"8525031\" data-element_type=\"widget\" data-e-type=\"widget\" data-settings=\"{&quot;_transform_scale_effect_hover&quot;:{&quot;unit&quot;:&quot;px&quot;,&quot;size&quot;:1.1,&quot;sizes&quot;:[]},&quot;_transform_scale_effect_hover_tablet&quot;:{&quot;unit&quot;:&quot;px&quot;,&quot;size&quot;:&quot;&quot;,&quot;sizes&quot;:[]},&quot;_transform_scale_effect_hover_mobile&quot;:{&quot;unit&quot;:&quot;px&quot;,&quot;size&quot;:&quot;&quot;,&quot;sizes&quot;:[]}}\" data-widget_type=\"image.default\">\n\t\t\t\t<div class=\"elementor-widget-container\">\n\t\t\t\t\t\t\t\t\t\t\t\t\t\t\t<img loading=\"lazy\" decoding=\"async\" width=\"700\" height=\"700\" src=\"https:\/\/www.bamsa.cat\/wp-content\/uploads\/2024\/05\/Servei-e-commerce.jpg\" class=\"attachment-large size-large wp-image-1182\" alt=\"Persona consultando servicios de aparcamiento en la app de Saba dentro de un aparcamiento.\" srcset=\"https:\/\/www.bamsa.cat\/wp-content\/uploads\/2024\/05\/Servei-e-commerce.jpg 700w, https:\/\/www.bamsa.cat\/wp-content\/uploads\/2024\/05\/Servei-e-commerce-300x300.jpg 300w, https:\/\/www.bamsa.cat\/wp-content\/uploads\/2024\/05\/Servei-e-commerce-150x150.jpg 150w\" sizes=\"(max-width: 700px) 100vw, 700px\" \/>\t\t\t\t\t\t\t\t\t\t\t\t\t\t\t<\/div>\n\t\t\t\t<\/div>\n\t\t\t\t<div class=\"elementor-element elementor-element-b7a49cc elementor-widget elementor-widget-heading\" data-id=\"b7a49cc\" data-element_type=\"widget\" data-e-type=\"widget\" data-widget_type=\"heading.default\">\n\t\t\t\t<div class=\"elementor-widget-container\">\n\t\t\t\t\t<h2 class=\"elementor-heading-title elementor-size-default\">e-Commerce<\/h2>\t\t\t\t<\/div>\n\t\t\t\t<\/div>\n\t\t\t\t<div class=\"elementor-element elementor-element-62645aa elementor-widget elementor-widget-text-editor\" data-id=\"62645aa\" data-element_type=\"widget\" data-e-type=\"widget\" data-widget_type=\"text-editor.default\">\n\t\t\t\t<div class=\"elementor-widget-container\">\n\t\t\t\t\t\t\t\t\t<p>Encuentra tus productos de aparcamiento en un click, a trav\u00e9s de la App o de saba.es.<\/p>\t\t\t\t\t\t\t\t<\/div>\n\t\t\t\t<\/div>\n\t\t\t\t\t<\/div>\n\t\t\t\t<\/div>\n\t\t<div class=\"elementor-element elementor-element-e11fed5 e-flex e-con-boxed e-con e-child\" data-id=\"e11fed5\" data-element_type=\"container\" data-e-type=\"container\">\n\t\t\t\t\t<div class=\"e-con-inner\">\n\t\t\t\t<div class=\"elementor-element elementor-element-e4fd199 e-transform elementor-widget elementor-widget-image\" data-id=\"e4fd199\" data-element_type=\"widget\" data-e-type=\"widget\" data-settings=\"{&quot;_transform_scale_effect_hover&quot;:{&quot;unit&quot;:&quot;px&quot;,&quot;size&quot;:1.1,&quot;sizes&quot;:[]},&quot;_transform_scale_effect_hover_tablet&quot;:{&quot;unit&quot;:&quot;px&quot;,&quot;size&quot;:&quot;&quot;,&quot;sizes&quot;:[]},&quot;_transform_scale_effect_hover_mobile&quot;:{&quot;unit&quot;:&quot;px&quot;,&quot;size&quot;:&quot;&quot;,&quot;sizes&quot;:[]}}\" data-widget_type=\"image.default\">\n\t\t\t\t<div class=\"elementor-widget-container\">\n\t\t\t\t\t\t\t\t\t\t\t\t\t\t\t<img loading=\"lazy\" decoding=\"async\" width=\"700\" height=\"700\" src=\"https:\/\/www.bamsa.cat\/wp-content\/uploads\/2024\/05\/Servei-Gestio-a-distancia.jpg\" class=\"attachment-large size-large wp-image-1184\" alt=\"Operadora controlando en remoto m\u00faltiples c\u00e1maras y pantallas de vigilancia de los aparcamientos.\" srcset=\"https:\/\/www.bamsa.cat\/wp-content\/uploads\/2024\/05\/Servei-Gestio-a-distancia.jpg 700w, https:\/\/www.bamsa.cat\/wp-content\/uploads\/2024\/05\/Servei-Gestio-a-distancia-300x300.jpg 300w, https:\/\/www.bamsa.cat\/wp-content\/uploads\/2024\/05\/Servei-Gestio-a-distancia-150x150.jpg 150w\" sizes=\"(max-width: 700px) 100vw, 700px\" \/>\t\t\t\t\t\t\t\t\t\t\t\t\t\t\t<\/div>\n\t\t\t\t<\/div>\n\t\t\t\t<div class=\"elementor-element elementor-element-77830ce elementor-widget elementor-widget-heading\" data-id=\"77830ce\" data-element_type=\"widget\" data-e-type=\"widget\" data-widget_type=\"heading.default\">\n\t\t\t\t<div class=\"elementor-widget-container\">\n\t\t\t\t\t<h2 class=\"elementor-heading-title elementor-size-default\">Gesti\u00f3n a distancia<\/h2>\t\t\t\t<\/div>\n\t\t\t\t<\/div>\n\t\t\t\t<div class=\"elementor-element elementor-element-0e9fb13 elementor-widget elementor-widget-text-editor\" data-id=\"0e9fb13\" data-element_type=\"widget\" data-e-type=\"widget\" data-widget_type=\"text-editor.default\">\n\t\t\t\t<div class=\"elementor-widget-container\">\n\t\t\t\t\t\t\t\t\t<p>Permite una atenci\u00f3n al cliente de calidad de forma ininterrumpida.<\/p>\t\t\t\t\t\t\t\t<\/div>\n\t\t\t\t<\/div>\n\t\t\t\t\t<\/div>\n\t\t\t\t<\/div>\n\t\t<div class=\"elementor-element elementor-element-e618d3e e-flex e-con-boxed e-con e-child\" data-id=\"e618d3e\" data-element_type=\"container\" data-e-type=\"container\">\n\t\t\t\t\t<div class=\"e-con-inner\">\n\t\t\t\t<div class=\"elementor-element elementor-element-9004c8d e-transform elementor-widget elementor-widget-image\" data-id=\"9004c8d\" data-element_type=\"widget\" data-e-type=\"widget\" data-settings=\"{&quot;_transform_scale_effect_hover&quot;:{&quot;unit&quot;:&quot;px&quot;,&quot;size&quot;:1.1,&quot;sizes&quot;:[]},&quot;_transform_scale_effect_hover_tablet&quot;:{&quot;unit&quot;:&quot;px&quot;,&quot;size&quot;:&quot;&quot;,&quot;sizes&quot;:[]},&quot;_transform_scale_effect_hover_mobile&quot;:{&quot;unit&quot;:&quot;px&quot;,&quot;size&quot;:&quot;&quot;,&quot;sizes&quot;:[]}}\" data-widget_type=\"image.default\">\n\t\t\t\t<div class=\"elementor-widget-container\">\n\t\t\t\t\t\t\t\t\t\t\t\t\t\t\t<img loading=\"lazy\" decoding=\"async\" width=\"700\" height=\"700\" src=\"https:\/\/www.bamsa.cat\/wp-content\/uploads\/2024\/05\/Servei-aparcaments-capdavanters_2.jpg\" class=\"attachment-large size-large wp-image-1172\" alt=\"Aparcamiento de Saba con plazas organizadas, iluminaci\u00f3n LED y se\u00f1alizaci\u00f3n moderna.\" srcset=\"https:\/\/www.bamsa.cat\/wp-content\/uploads\/2024\/05\/Servei-aparcaments-capdavanters_2.jpg 700w, https:\/\/www.bamsa.cat\/wp-content\/uploads\/2024\/05\/Servei-aparcaments-capdavanters_2-300x300.jpg 300w, https:\/\/www.bamsa.cat\/wp-content\/uploads\/2024\/05\/Servei-aparcaments-capdavanters_2-150x150.jpg 150w\" sizes=\"(max-width: 700px) 100vw, 700px\" \/>\t\t\t\t\t\t\t\t\t\t\t\t\t\t\t<\/div>\n\t\t\t\t<\/div>\n\t\t\t\t<div class=\"elementor-element elementor-element-de6d315 elementor-widget elementor-widget-heading\" data-id=\"de6d315\" data-element_type=\"widget\" data-e-type=\"widget\" data-widget_type=\"heading.default\">\n\t\t\t\t<div class=\"elementor-widget-container\">\n\t\t\t\t\t<h2 class=\"elementor-heading-title elementor-size-default\">Aparcamientos l\u00edderes para personas<\/h2>\t\t\t\t<\/div>\n\t\t\t\t<\/div>\n\t\t\t\t<div class=\"elementor-element elementor-element-2fe15ac elementor-widget elementor-widget-text-editor\" data-id=\"2fe15ac\" data-element_type=\"widget\" data-e-type=\"widget\" data-widget_type=\"text-editor.default\">\n\t\t\t\t<div class=\"elementor-widget-container\">\n\t\t\t\t\t\t\t\t\t<p>Dise\u00f1o funcional, luces LED, gu\u00eda de veh\u00edculos, luz de acompa\u00f1amiento, sostenibilidad. Nos adaptamos al futuro. <\/p>\t\t\t\t\t\t\t\t<\/div>\n\t\t\t\t<\/div>\n\t\t\t\t\t<\/div>\n\t\t\t\t<\/div>\n\t\t\t\t\t<\/div>\n\t\t\t\t<\/div>\n\t\t<div class=\"elementor-element elementor-element-5010fb3 e-con-full e-flex e-con e-parent\" data-id=\"5010fb3\" data-element_type=\"container\" data-e-type=\"container\">\n\t\t\t\t<div class=\"elementor-element elementor-element-a7b7256 elementor-widget elementor-widget-spacer\" data-id=\"a7b7256\" data-element_type=\"widget\" data-e-type=\"widget\" data-widget_type=\"spacer.default\">\n\t\t\t\t<div class=\"elementor-widget-container\">\n\t\t\t\t\t\t\t<div class=\"elementor-spacer\">\n\t\t\t<div class=\"elementor-spacer-inner\"><\/div>\n\t\t<\/div>\n\t\t\t\t\t\t<\/div>\n\t\t\t\t<\/div>\n\t\t\t\t<\/div>\n\t\t\t\t<\/div>\n\t\t","protected":false},"excerpt":{"rendered":"<p>Tus aparcamientos en Barcelona Serveis que ofereixenels nostres aparcaments Barcelona se encuentra frente a la explosi\u00f3n de un nuevo ecosistema de la movilidad. En este escenario, Saba Barcelona Bamsa trabaja para convertir el aparcamiento en un hub de servicios de movilidad sostenible para las personas y mercanc\u00edas, especialmente para la llamada log\u00edstica de \u00faltima milla. [&hellip;]<\/p>\n","protected":false},"author":1,"featured_media":0,"parent":0,"menu_order":0,"comment_status":"closed","ping_status":"closed","template":"","meta":{"footnotes":""},"class_list":["post-1225","page","type-page","status-publish","hentry"],"_links":{"self":[{"href":"https:\/\/www.bamsa.cat\/es\/wp-json\/wp\/v2\/pages\/1225","targetHints":{"allow":["GET"]}}],"collection":[{"href":"https:\/\/www.bamsa.cat\/es\/wp-json\/wp\/v2\/pages"}],"about":[{"href":"https:\/\/www.bamsa.cat\/es\/wp-json\/wp\/v2\/types\/page"}],"author":[{"embeddable":true,"href":"https:\/\/www.bamsa.cat\/es\/wp-json\/wp\/v2\/users\/1"}],"replies":[{"embeddable":true,"href":"https:\/\/www.bamsa.cat\/es\/wp-json\/wp\/v2\/comments?post=1225"}],"version-history":[{"count":10,"href":"https:\/\/www.bamsa.cat\/es\/wp-json\/wp\/v2\/pages\/1225\/revisions"}],"predecessor-version":[{"id":1823,"href":"https:\/\/www.bamsa.cat\/es\/wp-json\/wp\/v2\/pages\/1225\/revisions\/1823"}],"wp:attachment":[{"href":"https:\/\/www.bamsa.cat\/es\/wp-json\/wp\/v2\/media?parent=1225"}],"curies":[{"name":"wp","href":"https:\/\/api.w.org\/{rel}","templated":true}]}}